{"id":7,"date":"2025-05-13T22:44:07","date_gmt":"2025-05-13T22:44:07","guid":{"rendered":"https:\/\/www.learnchain.education\/?page_id=7"},"modified":"2025-05-14T09:31:24","modified_gmt":"2025-05-14T09:31:24","slug":"7-2","status":"publish","type":"page","link":"https:\/\/www.learnchain.education\/","title":{"rendered":""},"content":{"rendered":"\n<div class=\"wp-block-cover alignfull is-light\" style=\"margin-top:0;padding-top:5vw;padding-right:5vw;padding-bottom:5vw;padding-left:5vw;min-height:694px;aspect-ratio:unset;\"><span aria-hidden=\"true\" class=\"wp-block-cover__background has-background-dim-100 has-background-dim\" style=\"background-color:#ffbb00\"><\/span><div class=\"wp-block-cover__inner-container is-layout-flow wp-block-cover-is-layout-flow\">\n<div class=\"wp-block-group is-layout-flex wp-container-core-group-is-layout-e4aad5c3 wp-block-group-is-layout-flex\">\n<div class=\"wp-block-group wp-container-content-9cfa9a5a is-layout-flow wp-container-core-group-is-layout-d6743c7d wp-block-group-is-layout-flow\">\n<p class=\"has-text-align-left has-contrast-color has-text-color\" style=\"font-size:clamp(46.18px, 2.886rem + ((1vw - 3.2px) * 4.98), 90px);font-style:normal;font-weight:700;letter-spacing:-4px;line-height:0.9;text-transform:none\">Especial\u00edzate en IA <\/p>\n\n\n\n<p class=\"has-text-align-left has-contrast-color has-text-color\" style=\"font-size:clamp(46.18px, 2.886rem + ((1vw - 3.2px) * 4.98), 90px);font-style:normal;font-weight:700;letter-spacing:-4px;line-height:0.9;text-transform:none\">para tu sector.<\/p>\n\n\n\n<p class=\"has-text-align-left has-base-color has-text-color\" style=\"font-size:clamp(42.068px, 2.629rem + ((1vw - 3.2px) * 4.31), 80px);font-style:normal;font-weight:700;letter-spacing:-4px;line-height:0.9;text-transform:none\">Destaca en el<br>mercado<\/p>\n\n\n\n<p class=\"has-text-align-left has-base-color has-text-color\" style=\"font-size:clamp(42.068px, 2.629rem + ((1vw - 3.2px) * 4.31), 80px);font-style:normal;font-weight:700;letter-spacing:-4px;line-height:0.9;text-transform:none\">laboral <\/p>\n<\/div>\n\n\n\n<div class=\"wp-block-group wp-container-content-5b91cf2b is-vertical is-nowrap is-layout-flex wp-container-core-group-is-layout-82cc2081 wp-block-group-is-layout-flex\">\n<p style=\"font-size:clamp(14px, 0.875rem + ((1vw - 3.2px) * 0.341), 17px);font-style:normal;font-weight:500;letter-spacing:0px;line-height:1.4;text-decoration:none;text-transform:none\">Dicen que la Inteligencia Artificial no te quitar\u00e1 el trabajo, pero si lo har\u00e1 una persona que controle de Inteligenxcia Artificial. <br><br>No te quedes atr\u00e1s. Formate ahora.<\/p>\n\n\n\n<div class=\"wp-block-buttons is-layout-flex wp-block-buttons-is-layout-flex\">\n<div class=\"wp-block-button\"><a class=\"wp-block-button__link has-white-color has-black-background-color has-text-color has-background has-custom-font-size wp-element-button\" style=\"border-radius:0px;border-top-style:none;border-top-width:0px;border-right-style:none;border-right-width:0px;border-bottom-style:none;border-bottom-width:0px;border-left-style:none;border-left-width:0px;padding-top:24px;padding-right:36px;padding-bottom:24px;padding-left:36px;font-size:clamp(14px, 0.875rem + ((1vw - 3.2px) * 0.682), 20px);font-style:normal;font-weight:700;letter-spacing:0px;text-decoration:none;text-transform:none\">Recursos <\/a><\/div>\n<\/div>\n<\/div>\n<\/div>\n<\/div><\/div>\n","protected":false},"excerpt":{"rendered":"","protected":false},"author":1,"featured_media":0,"parent":0,"menu_order":0,"comment_status":"closed","ping_status":"closed","template":"blank","meta":{"footnotes":""},"class_list":["post-7","page","type-page","status-publish","hentry"],"_links":{"self":[{"href":"https:\/\/www.learnchain.education\/index.php\/wp-json\/wp\/v2\/pages\/7","targetHints":{"allow":["GET"]}}],"collection":[{"href":"https:\/\/www.learnchain.education\/index.php\/wp-json\/wp\/v2\/pages"}],"about":[{"href":"https:\/\/www.learnchain.education\/index.php\/wp-json\/wp\/v2\/types\/page"}],"author":[{"embeddable":true,"href":"https:\/\/www.learnchain.education\/index.php\/wp-json\/wp\/v2\/users\/1"}],"replies":[{"embeddable":true,"href":"https:\/\/www.learnchain.education\/index.php\/wp-json\/wp\/v2\/comments?post=7"}],"version-history":[{"count":27,"href":"https:\/\/www.learnchain.education\/index.php\/wp-json\/wp\/v2\/pages\/7\/revisions"}],"predecessor-version":[{"id":41,"href":"https:\/\/www.learnchain.education\/index.php\/wp-json\/wp\/v2\/pages\/7\/revisions\/41"}],"wp:attachment":[{"href":"https:\/\/www.learnchain.education\/index.php\/wp-json\/wp\/v2\/media?parent=7"}],"curies":[{"name":"wp","href":"https:\/\/api.w.org\/{rel}","templated":true}]}}